{"id":49,"date":"2020-04-07T11:55:54","date_gmt":"2020-04-07T11:55:54","guid":{"rendered":"http:\/\/gruender-carconsulting.com\/?page_id=49"},"modified":"2020-04-07T12:06:41","modified_gmt":"2020-04-07T12:06:41","slug":"impressum","status":"publish","type":"page","link":"https:\/\/gruender-carconsulting.com\/?page_id=49","title":{"rendered":"Impressum"},"content":{"rendered":"\t\t<div data-elementor-type=\"wp-page\" data-elementor-id=\"49\" class=\"elementor elementor-49\">\n\t\t\t\t\t\t<section class=\"elementor-section elementor-top-section elementor-element elementor-element-3b48156 elementor-section-boxed elementor-section-height-default elementor-section-height-default\" data-id=\"3b48156\" data-element_type=\"section\">\n\t\t\t\t\t\t<div class=\"elementor-container elementor-column-gap-default\">\n\t\t\t\t\t<div class=\"elementor-column elementor-col-100 elementor-top-column elementor-element elementor-element-e68243b\" data-id=\"e68243b\" data-element_type=\"column\">\n\t\t\t<div class=\"elementor-widget-wrap elementor-element-populated\">\n\t\t\t\t\t\t<div class=\"elementor-element elementor-element-1e81a31 elementor-widget elementor-widget-spacer\" data-id=\"1e81a31\" data-element_type=\"widget\" data-widget_type=\"spacer.default\">\n\t\t\t\t<div class=\"elementor-widget-container\">\n\t\t\t\t\t\t\t<div class=\"elementor-spacer\">\n\t\t\t<div class=\"elementor-spacer-inner\"><\/div>\n\t\t<\/div>\n\t\t\t\t\t\t<\/div>\n\t\t\t\t<\/div>\n\t\t\t\t\t<\/div>\n\t\t<\/div>\n\t\t\t\t\t<\/div>\n\t\t<\/section>\n\t\t\t\t<section class=\"elementor-section elementor-top-section elementor-element elementor-element-914d25a elementor-section-full_width elementor-section-height-default elementor-section-height-default\" data-id=\"914d25a\" data-element_type=\"section\">\n\t\t\t\t\t\t<div class=\"elementor-container elementor-column-gap-default\">\n\t\t\t\t\t<div class=\"elementor-column elementor-col-25 elementor-top-column elementor-element elementor-element-72944aa\" data-id=\"72944aa\" data-element_type=\"column\">\n\t\t\t<div class=\"elementor-widget-wrap\">\n\t\t\t\t\t\t\t<\/div>\n\t\t<\/div>\n\t\t\t\t<div class=\"elementor-column elementor-col-50 elementor-top-column elementor-element elementor-element-c1e9f77\" data-id=\"c1e9f77\" data-element_type=\"column\">\n\t\t\t<div class=\"elementor-widget-wrap elementor-element-populated\">\n\t\t\t\t\t\t<div class=\"elementor-element elementor-element-d6fa650 elementor-widget elementor-widget-text-editor\" data-id=\"d6fa650\" data-element_type=\"widget\" data-widget_type=\"text-editor.default\">\n\t\t\t\t<div class=\"elementor-widget-container\">\n\t\t\t\t\t\t\t\t\t<p><strong>Inhaber und verantwortlich f\u00fcr diese Seite ist:<br \/><\/strong>Gr\u00fcnder Car-Consulting<br data-rich-text-line-break=\"true\" \/>Gartenstrasse 20<br data-rich-text-line-break=\"true\" \/>32657 Lemgo<\/p><p>Tel: 05261 &#8211; 9880799<br data-rich-text-line-break=\"true\" \/>Fax: 05261 &#8211; 9889614<\/p><p>E-Mail:\u00a0<a href=\"mailto:info@gruender-carconsulting.com?subject=Anfrage\">info@gruender-carconsulting.com<\/a><\/p><p>Umsatzsteuer-Identifikationsnr. (engl. VAT ID): DE 295465971<br data-rich-text-line-break=\"true\" \/>Gesch\u00e4ftsf\u00fchrer: Marc Gr\u00fcnder<\/p><p><strong data-rich-text-format-boundary=\"true\">Haftungsausschluss<br \/><\/strong>Diese Website wurde mit gr\u00f6\u00dftm\u00f6glicher Sorgfalt zusammengestellt. Trotzdem k\u00f6nnen wir f\u00fcr die Fehlerfreiheit und Genauigkeit der enthaltenen Informationen nicht garantieren. Wir schlie\u00dfen jegliche Haftung f\u00fcr Sch\u00e4den, die direkt oder indirekt aus der Benutzung dieser Website entstehen aus, soweit diese nicht auf Vorsatz oder grober Fahrl\u00e4ssigkeit unsererseits beruhen. Fehler und Irrtum vorbehalten.<strong data-rich-text-format-boundary=\"true\"><br \/><\/strong><\/p><p><strong data-rich-text-format-boundary=\"true\">Externe Verweise und Links<br \/><\/strong>Trotz sorgf\u00e4ltiger inhaltlicher Kontrolle \u00fcbernehmen wir keine Haftung f\u00fcr die Inhalte externer Links. F\u00fcr den Inhalt der verlinkten Seiten sind ausschlie\u00dflich deren Betreiber verantwortlich.<\/p><p><strong data-rich-text-format-boundary=\"true\">Copyright<br \/><\/strong>Bilder: I.B.Photographie, Fotolia.com, Pexels.com<\/p><p><strong data-rich-text-format-boundary=\"true\">Copyright-, Urheber-, Nutzungsrechte und Standesrechte<br \/><\/strong>Bei allen an den Dienstleister \u00fcbergebenen Arbeiten wird vorausgesetzt, dass dem Kunden die Urheber- bzw. Reproduktionsrechte zustehen. Der Dienstleister lehnt jede Haftung, die aus der Missachtung solcher Rechte entstehen k\u00f6nnten, ab. Wenn Vorlagen mit dem Urheberrecht Dritter ausgestattet sind, setzt der Dienstleister ebenfalls voraus, dass der Auftraggeber das Einverst\u00e4ndnis des jeweiligen Urhebers besitzt.\u00a0<br data-rich-text-line-break=\"true\" \/>Insoweit stellt der Kunde den Dienstleister von s\u00e4mtlichen Schadensersatzanspr\u00fcchen Dritter wegen der Verletzung von Urheber-, Nutzungs- und Copyrightrechten\u00a0sowie Standesrechten frei. Der Dienstleister ist nicht f\u00fcr den Inhalt von Kunden gelieferter Texte etc. verantwortlich, insbesondere f\u00fchrt der Dienstleister\u00a0keine rechtliche\/standesrechtliche \u00dcberpr\u00fcfung gelieferter Texte und Inhalte durch, dieses obliegt\u00a0dem jeweiligen Auftraggeber.\u00a0<\/p><p>\u00a0<\/p>\t\t\t\t\t\t\t\t<\/div>\n\t\t\t\t<\/div>\n\t\t\t\t\t<\/div>\n\t\t<\/div>\n\t\t\t\t<div class=\"elementor-column elementor-col-25 elementor-top-column elementor-element elementor-element-29d41b0\" data-id=\"29d41b0\" data-element_type=\"column\">\n\t\t\t<div class=\"elementor-widget-wrap\">\n\t\t\t\t\t\t\t<\/div>\n\t\t<\/div>\n\t\t\t\t\t<\/div>\n\t\t<\/section>\n\t\t\t\t<\/div>\n\t\t","protected":false},"excerpt":{"rendered":"<p>Inhaber und verantwortlich f\u00fcr diese Seite ist:Gr\u00fcnder Car-ConsultingGartenstrasse 2032657 Lemgo Tel: 05261 &#8211; 9880799Fax: 05261 &#8211; 9889614 E-Mail:\u00a0info@gruender-carconsulting.com Umsatzsteuer-Identifikationsnr. (engl. VAT ID): DE 295465971Gesch\u00e4ftsf\u00fchrer: Marc Gr\u00fcnder HaftungsausschlussDiese Website wurde mit gr\u00f6\u00dftm\u00f6glicher Sorgfalt zusammengestellt. Trotzdem k\u00f6nnen wir f\u00fcr die Fehlerfreiheit und Genauigkeit der enthaltenen Informationen nicht garantieren. Wir schlie\u00dfen jegliche Haftung f\u00fcr Sch\u00e4den, die direkt oder [&hellip;]<\/p>\n","protected":false},"author":1,"featured_media":0,"parent":0,"menu_order":0,"comment_status":"closed","ping_status":"closed","template":"elementor_header_footer","meta":{"site-sidebar-layout":"no-sidebar","site-content-layout":"page-builder","ast-site-content-layout":"default","site-content-style":"default","site-sidebar-style":"default","ast-global-header-display":"","ast-banner-title-visibility":"","ast-main-header-display":"","ast-hfb-above-header-display":"","ast-hfb-below-header-display":"","ast-hfb-mobile-header-display":"","site-post-title":"disabled","ast-breadcrumbs-content":"","ast-featured-img":"disabled","footer-sml-layout":"","ast-disable-related-posts":"","theme-transparent-header-meta":"default","adv-header-id-meta":"","stick-header-meta":"","header-above-stick-meta":"","header-main-stick-meta":"","header-below-stick-meta":"","astra-migrate-meta-layouts":"default","ast-page-background-enabled":"default","ast-page-background-meta":{"desktop":{"background-color":"var(--ast-global-color-4)","background-image":"","background-repeat":"repeat","background-position":"center center","background-size":"auto","background-attachment":"scroll","background-type":"","background-media":"","overlay-type":"","overlay-color":"","overlay-opacity":"","overlay-gradient":""},"tablet":{"background-color":"","background-image":"","background-repeat":"repeat","background-position":"center center","background-size":"auto","background-attachment":"scroll","background-type":"","background-media":"","overlay-type":"","overlay-color":"","overlay-opacity":"","overlay-gradient":""},"mobile":{"background-color":"","background-image":"","background-repeat":"repeat","background-position":"center center","background-size":"auto","background-attachment":"scroll","background-type":"","background-media":"","overlay-type":"","overlay-color":"","overlay-opacity":"","overlay-gradient":""}},"ast-content-background-meta":{"desktop":{"background-color":"var(--ast-global-color-5)","background-image":"","background-repeat":"repeat","background-position":"center center","background-size":"auto","background-attachment":"scroll","background-type":"","background-media":"","overlay-type":"","overlay-color":"","overlay-opacity":"","overlay-gradient":""},"tablet":{"background-color":"var(--ast-global-color-5)","background-image":"","background-repeat":"repeat","background-position":"center center","background-size":"auto","background-attachment":"scroll","background-type":"","background-media":"","overlay-type":"","overlay-color":"","overlay-opacity":"","overlay-gradient":""},"mobile":{"background-color":"var(--ast-global-color-5)","background-image":"","background-repeat":"repeat","background-position":"center center","background-size":"auto","background-attachment":"scroll","background-type":"","background-media":"","overlay-type":"","overlay-color":"","overlay-opacity":"","overlay-gradient":""}},"footnotes":""},"class_list":["post-49","page","type-page","status-publish","hentry"],"_links":{"self":[{"href":"https:\/\/gruender-carconsulting.com\/index.php?rest_route=\/wp\/v2\/pages\/49","targetHints":{"allow":["GET"]}}],"collection":[{"href":"https:\/\/gruender-carconsulting.com\/index.php?rest_route=\/wp\/v2\/pages"}],"about":[{"href":"https:\/\/gruender-carconsulting.com\/index.php?rest_route=\/wp\/v2\/types\/page"}],"author":[{"embeddable":true,"href":"https:\/\/gruender-carconsulting.com\/index.php?rest_route=\/wp\/v2\/users\/1"}],"replies":[{"embeddable":true,"href":"https:\/\/gruender-carconsulting.com\/index.php?rest_route=%2Fwp%2Fv2%2Fcomments&post=49"}],"version-history":[{"count":0,"href":"https:\/\/gruender-carconsulting.com\/index.php?rest_route=\/wp\/v2\/pages\/49\/revisions"}],"wp:attachment":[{"href":"https:\/\/gruender-carconsulting.com\/index.php?rest_route=%2Fwp%2Fv2%2Fmedia&parent=49"}],"curies":[{"name":"wp","href":"https:\/\/api.w.org\/{rel}","templated":true}]}}